{"id":17,"date":"2023-07-20T18:25:11","date_gmt":"2023-07-20T18:25:11","guid":{"rendered":"http:\/\/marvict-dermatology.com\/?page_id=17"},"modified":"2023-08-26T22:06:15","modified_gmt":"2023-08-26T22:06:15","slug":"aviso-legal","status":"publish","type":"page","link":"https:\/\/marvict-dermatology.com\/en\/aviso-legal\/","title":{"rendered":"Legal Notice"},"content":{"rendered":"<p>\n\n\n<\/p>\n<p class=\" translation-block\">Welcome to the website of <strong>Marvict Dermatology and Preventive Care Clinic<\/strong>.<\/p>\n<p>\n\n\n<\/p>\n<p>\n\n\n<\/p>\n<p>Before using this site, we recommend that you carefully read this Legal Notice, which sets out the terms and conditions for using and accessing the page.<\/p>\n<p>\n\n\n<\/p>\n<p>\n\n\n<\/p>\n<ol>\n<li style=\"list-style-type: none;\">\n<ol>\n\n<\/ol>\n<\/li>\n<\/ol>\n<ol>\n<li style=\"list-style-type: none;\">\n<ul>\n<li class=\" translation-block\"><strong>Ownership of the website:<\/strong> The website is owned by <strong>Marvict Dermatology and Preventive Care Clinic<\/strong> and is managed by <strong>APRN Idolidia Machado<\/strong>.<\/li>\n<li class=\" translation-block\"><strong>Terms of Use:<\/strong> By accessing and using this website, you agree to the following conditions:<\/li>\n<li class=\" translation-block\"><strong>The content of the<\/strong> <strong>website<\/strong> <strong>https:\/\/marvict-dermatology.com<\/strong> serves an informative and educational purpose about our healthcare services, accessible and personalized to families. Our approach includes the evaluation and management of dermatological diseases as well as aesthetic services.<\/li>\n<li class=\" translation-block\"><strong>Intellectual property rights<\/strong> <strong>of the website<\/strong>, including images, texts, logos, and any other material, are owned by the Specialized Clinic and are protected by applicable intellectual property laws. Any unauthorized reproduction, distribution, or use of the website's content is prohibited.<\/li>\n<li class=\" translation-block\"><strong>Marvict Dermatology and Preventive Care Clinic<\/strong> is not responsible for damages or losses arising from the use of the website, nor for any interruptions or malfunctions thereof.<\/li>\n<li class=\" translation-block\">The website <strong>https:\/\/marvict-dermatology.com<\/strong> may contain links to third-party sites, but the Specialized Dermatology Clinic <strong>Marvict Dermatology and Preventive Care<\/strong> is not responsible for the content or privacy policies of those sites.<\/li>\n<li class=\" translation-block\"><strong>Protection of Personal Data:<\/strong> <strong>Marvict Dermatology and Preventive Care Clinic<\/strong> complies with the Health Insurance Portability and Accountability Act (<strong><a href=\"https:\/\/www.hhs.gov\/hipaa\/for-professionals\/privacy\/guidance\/privacy-practices-for-protected-health-information\/index.html\" target=\"_blank\" rel=\"noopener noreferrer\">HIPAA<\/a><\/strong>) for the protection of medical and health data.<\/li>\n<li class=\" translation-block\"><strong>Modifications and Updates:<\/strong> The Specialized Dermatology Clinic <strong>Marvict Dermatology and Preventive Care<\/strong> reserves the right to modify or update this Legal Notice without prior notice. We recommend reviewing this page periodically to stay informed about any changes made.<\/li>\n<li class=\" translation-block\"><strong>Contact:<\/strong> If you have any questions or inquiries regarding this Legal Notice or the use of the website, you can contact us using the provided contact information.<\/li>\n<\/ul>\n<\/li>\n<\/ol>\n<p>\n\n<\/p>\n<p>\n\n\n<\/p>\n<p>\n\n\n<\/p>\n<p>Thank you for visiting our website. We hope you find all the necessary information about our healthcare services and wish you a pleasant browsing experience.<\/p>\n<p>\n\n\n<\/p>\n<p>\n\n\n<\/p>\n<p><strong>IDENTIFICATION DATA<\/strong><br><\/p>\n<p>\n\n\n<\/p>\n<p>\n\n<p style=\"text-align: justify;\" class=\" translation-block\"><strong>The responsible and owner of this website<\/strong><\/p>\n<ul>\n<li><strong>Name: Idolidia Machado<\/strong><\/li>\n<li><strong>Registered Address<\/strong>: 2097 West 76 St,\u00a0Hialeah,\u00a0 Fl 33016, United States.<\/li>\n<li><strong>License:<\/strong> APRN 11004598<\/li>\n<li><strong>DEA: <\/strong>MM5894577<\/li>\n<li><strong>Email address<\/strong>: marvictdermatology@gmail.com<\/li>\n<li><strong>Phone:<\/strong>+1 786606-9696<\/li>\n<\/ul>\n<p>\u00a0<\/p>\n\n<\/p>\n<p>\n\n\n<\/p>\n<p>\n\n\n<\/p>\n<p>\n\n\n<\/p>\n<p>","protected":false},"excerpt":{"rendered":"<p>Bienvenido\/a al sitio web de la Cl\u00ednica Marvict Dermatology and Preventive Care. Antes de utilizar este sitio, te recomendamos leer detenidamente este Aviso Legal, que establece las condiciones de uso y acceso a la p\u00e1gina. Gracias por visitar nuestro sitio web. Esperamos que encuentres toda la informaci\u00f3n necesaria sobre nuestros servicios de atenci\u00f3n m\u00e9dica, y &#8230; <a title=\"Legal Notice\" class=\"read-more\" href=\"https:\/\/marvict-dermatology.com\/en\/aviso-legal\/\" aria-label=\"More on Aviso legal\">Read more<\/a><\/p>","protected":false},"author":1,"featured_media":0,"parent":0,"menu_order":0,"comment_status":"closed","ping_status":"closed","template":"","meta":{"footnotes":""},"yoast_head":"<!-- This site is optimized with the Yoast SEO plugin v21.6 - https:\/\/yoast.com\/wordpress\/plugins\/seo\/ -->\n<title>Aviso legal - marvict-dermatology.com<\/title>\n<meta name=\"robots\" content=\"noindex, nofollow\" \/>\n<meta property=\"og:locale\" content=\"en_US\" \/>\n<meta property=\"og:type\" content=\"article\" \/>\n<meta property=\"og:title\" content=\"Aviso legal - marvict-dermatology.com\" \/>\n<meta property=\"og:description\" content=\"Bienvenido\/a al sitio web de la Cl\u00ednica Marvict Dermatology and Preventive Care. Antes de utilizar este sitio, te recomendamos leer detenidamente este Aviso Legal, que establece las condiciones de uso y acceso a la p\u00e1gina. Gracias por visitar nuestro sitio web. Esperamos que encuentres toda la informaci\u00f3n necesaria sobre nuestros servicios de atenci\u00f3n m\u00e9dica, y ... Read more\" \/>\n<meta property=\"og:url\" content=\"https:\/\/marvict-dermatology.com\/en\/aviso-legal\/\" \/>\n<meta property=\"og:site_name\" content=\"marvict-dermatology.com\" \/>\n<meta property=\"article:publisher\" content=\"https:\/\/www.facebook.com\/profile.php?id=100082525311565\" \/>\n<meta property=\"article:modified_time\" content=\"2023-08-26T22:06:15+00:00\" \/>\n<meta name=\"twitter:card\" content=\"summary_large_image\" \/>\n<meta name=\"twitter:label1\" content=\"Est. reading time\" \/>\n\t<meta name=\"twitter:data1\" content=\"2 minutes\" \/>\n<script type=\"application\/ld+json\" class=\"yoast-schema-graph\">{\"@context\":\"https:\/\/schema.org\",\"@graph\":[{\"@type\":\"WebPage\",\"@id\":\"https:\/\/marvict-dermatology.com\/aviso-legal\/\",\"url\":\"https:\/\/marvict-dermatology.com\/aviso-legal\/\",\"name\":\"Aviso legal - marvict-dermatology.com\",\"isPartOf\":{\"@id\":\"https:\/\/marvict-dermatology.com\/#website\"},\"datePublished\":\"2023-07-20T18:25:11+00:00\",\"dateModified\":\"2023-08-26T22:06:15+00:00\",\"breadcrumb\":{\"@id\":\"https:\/\/marvict-dermatology.com\/aviso-legal\/#breadcrumb\"},\"inLanguage\":\"en-US\",\"potentialAction\":[{\"@type\":\"ReadAction\",\"target\":[\"https:\/\/marvict-dermatology.com\/aviso-legal\/\"]}]},{\"@type\":\"BreadcrumbList\",\"@id\":\"https:\/\/marvict-dermatology.com\/aviso-legal\/#breadcrumb\",\"itemListElement\":[{\"@type\":\"ListItem\",\"position\":1,\"name\":\"Portada\",\"item\":\"https:\/\/marvict-dermatology.com\/\"},{\"@type\":\"ListItem\",\"position\":2,\"name\":\"Aviso legal\"}]},{\"@type\":\"WebSite\",\"@id\":\"https:\/\/marvict-dermatology.com\/#website\",\"url\":\"https:\/\/marvict-dermatology.com\/\",\"name\":\"marvict-dermatology.com\",\"description\":\"\",\"publisher\":{\"@id\":\"https:\/\/marvict-dermatology.com\/#organization\"},\"potentialAction\":[{\"@type\":\"SearchAction\",\"target\":{\"@type\":\"EntryPoint\",\"urlTemplate\":\"https:\/\/marvict-dermatology.com\/?s={search_term_string}\"},\"query-input\":\"required name=search_term_string\"}],\"inLanguage\":\"en-US\"},{\"@type\":\"Organization\",\"@id\":\"https:\/\/marvict-dermatology.com\/#organization\",\"name\":\"marvict-dermatology.com\",\"url\":\"https:\/\/marvict-dermatology.com\/\",\"logo\":{\"@type\":\"ImageObject\",\"inLanguage\":\"en-US\",\"@id\":\"https:\/\/marvict-dermatology.com\/#\/schema\/logo\/image\/\",\"url\":\"https:\/\/marvict-dermatology.com\/wp-content\/uploads\/2023\/07\/logo-1.jpg\",\"contentUrl\":\"https:\/\/marvict-dermatology.com\/wp-content\/uploads\/2023\/07\/logo-1.jpg\",\"width\":410,\"height\":112,\"caption\":\"marvict-dermatology.com\"},\"image\":{\"@id\":\"https:\/\/marvict-dermatology.com\/#\/schema\/logo\/image\/\"},\"sameAs\":[\"https:\/\/www.facebook.com\/profile.php?id=100082525311565\"]}]}<\/script>\n<!-- \/ Yoast SEO plugin. -->","yoast_head_json":{"title":"Aviso legal - marvict-dermatology.com","robots":{"index":"noindex","follow":"nofollow"},"og_locale":"en_US","og_type":"article","og_title":"Aviso legal - marvict-dermatology.com","og_description":"Bienvenido\/a al sitio web de la Cl\u00ednica Marvict Dermatology and Preventive Care. Antes de utilizar este sitio, te recomendamos leer detenidamente este Aviso Legal, que establece las condiciones de uso y acceso a la p\u00e1gina. Gracias por visitar nuestro sitio web. Esperamos que encuentres toda la informaci\u00f3n necesaria sobre nuestros servicios de atenci\u00f3n m\u00e9dica, y ... Read more","og_url":"https:\/\/marvict-dermatology.com\/en\/aviso-legal\/","og_site_name":"marvict-dermatology.com","article_publisher":"https:\/\/www.facebook.com\/profile.php?id=100082525311565","article_modified_time":"2023-08-26T22:06:15+00:00","twitter_card":"summary_large_image","twitter_misc":{"Est. reading time":"2 minutes"},"schema":{"@context":"https:\/\/schema.org","@graph":[{"@type":"WebPage","@id":"https:\/\/marvict-dermatology.com\/aviso-legal\/","url":"https:\/\/marvict-dermatology.com\/aviso-legal\/","name":"Aviso legal - marvict-dermatology.com","isPartOf":{"@id":"https:\/\/marvict-dermatology.com\/#website"},"datePublished":"2023-07-20T18:25:11+00:00","dateModified":"2023-08-26T22:06:15+00:00","breadcrumb":{"@id":"https:\/\/marvict-dermatology.com\/aviso-legal\/#breadcrumb"},"inLanguage":"en-US","potentialAction":[{"@type":"ReadAction","target":["https:\/\/marvict-dermatology.com\/aviso-legal\/"]}]},{"@type":"BreadcrumbList","@id":"https:\/\/marvict-dermatology.com\/aviso-legal\/#breadcrumb","itemListElement":[{"@type":"ListItem","position":1,"name":"Portada","item":"https:\/\/marvict-dermatology.com\/"},{"@type":"ListItem","position":2,"name":"Aviso legal"}]},{"@type":"WebSite","@id":"https:\/\/marvict-dermatology.com\/#website","url":"https:\/\/marvict-dermatology.com\/","name":"marvict-dermatology.com","description":"","publisher":{"@id":"https:\/\/marvict-dermatology.com\/#organization"},"potentialAction":[{"@type":"SearchAction","target":{"@type":"EntryPoint","urlTemplate":"https:\/\/marvict-dermatology.com\/?s={search_term_string}"},"query-input":"required name=search_term_string"}],"inLanguage":"en-US"},{"@type":"Organization","@id":"https:\/\/marvict-dermatology.com\/#organization","name":"marvict-dermatology.com","url":"https:\/\/marvict-dermatology.com\/","logo":{"@type":"ImageObject","inLanguage":"en-US","@id":"https:\/\/marvict-dermatology.com\/#\/schema\/logo\/image\/","url":"https:\/\/marvict-dermatology.com\/wp-content\/uploads\/2023\/07\/logo-1.jpg","contentUrl":"https:\/\/marvict-dermatology.com\/wp-content\/uploads\/2023\/07\/logo-1.jpg","width":410,"height":112,"caption":"marvict-dermatology.com"},"image":{"@id":"https:\/\/marvict-dermatology.com\/#\/schema\/logo\/image\/"},"sameAs":["https:\/\/www.facebook.com\/profile.php?id=100082525311565"]}]}},"_links":{"self":[{"href":"https:\/\/marvict-dermatology.com\/en\/wp-json\/wp\/v2\/pages\/17"}],"collection":[{"href":"https:\/\/marvict-dermatology.com\/en\/wp-json\/wp\/v2\/pages"}],"about":[{"href":"https:\/\/marvict-dermatology.com\/en\/wp-json\/wp\/v2\/types\/page"}],"author":[{"embeddable":true,"href":"https:\/\/marvict-dermatology.com\/en\/wp-json\/wp\/v2\/users\/1"}],"replies":[{"embeddable":true,"href":"https:\/\/marvict-dermatology.com\/en\/wp-json\/wp\/v2\/comments?post=17"}],"version-history":[{"count":38,"href":"https:\/\/marvict-dermatology.com\/en\/wp-json\/wp\/v2\/pages\/17\/revisions"}],"predecessor-version":[{"id":867,"href":"https:\/\/marvict-dermatology.com\/en\/wp-json\/wp\/v2\/pages\/17\/revisions\/867"}],"wp:attachment":[{"href":"https:\/\/marvict-dermatology.com\/en\/wp-json\/wp\/v2\/media?parent=17"}],"curies":[{"name":"wp","href":"https:\/\/api.w.org\/{rel}","templated":true}]}}