{"id":27,"date":"2023-07-21T19:26:02","date_gmt":"2023-07-21T19:26:02","guid":{"rendered":"https:\/\/marvict-dermatology.com\/?page_id=27"},"modified":"2024-05-01T17:15:57","modified_gmt":"2024-05-01T17:15:57","slug":"marvict-dermatology-and-preventive-care","status":"publish","type":"page","link":"https:\/\/marvict-dermatology.com\/en\/","title":{"rendered":"Welcome to Marvict Dermatology and Preventive Care"},"content":{"rendered":"<figure class=\"wp-block-image alignfull size-full is-light has-medium-font-size\" id=\"<div-class=&quot;resolucion&quot;&gt;---------<div-class=&quot;desktop&quot;&gt;-------------<h1&gt;Esto-es-un-ordenador<\/h1&gt;---------<\/div&gt;---------<div-class=&quot;tablet&quot;&gt;-------------<h1&gt;Esto-es-un-tablet<\/h1&gt;---------<\/div&gt;---------<div-class=&quot;movil&quot;&gt;-------------<h1&gt;Esto-es-un-movil<\/h1&gt;---------<\/div&gt;-----<\/div&gt;\"><img loading=\"lazy\" decoding=\"async\" width=\"721\" height=\"540\" src=\"https:\/\/marvict-dermatology.com\/wp-content\/uploads\/2023\/08\/foto-recortada-1.jpg\" alt=\"\" class=\"wp-image-640\" srcset=\"https:\/\/marvict-dermatology.com\/wp-content\/uploads\/2023\/08\/foto-recortada-1.jpg 721w, https:\/\/marvict-dermatology.com\/wp-content\/uploads\/2023\/08\/foto-recortada-1-300x225.jpg 300w\" sizes=\"(max-width: 721px) 100vw, 721px\" \/><\/figure>\n\n\n\n<div style=\"height:19px\" aria-hidden=\"true\" class=\"wp-block-spacer\"><\/div>\n\n\n\n<p>At <strong>Marvict Dermatology and Preventive Care<\/strong>, we take pride in providing you with a comprehensive approach to skincare. With years of experience and a passion for medical innovation, we are here to assist you.<\/p>\n\n\n\n<h2 class=\"wp-block-heading\"><span style=\"color: #000000; font-size: 14pt;\"><strong>Explore our services now, and discover what Marvict Dermatology can do for you!<\/strong><\/span><\/h2>\n\n\n\n<div class=\"wp-block-columns is-layout-flex wp-container-core-columns-is-layout-1 wp-block-columns-is-layout-flex\">\n<div class=\"wp-block-column is-layout-flow wp-block-column-is-layout-flow\">\n<figure class=\"wp-block-image size-full\"><a href=\"https:\/\/marvict-dermatology.com\/en\/consultas\/\" target=\"_blank\" rel=\"noreferrer noopener\"><img loading=\"lazy\" decoding=\"async\" width=\"300\" height=\"200\" src=\"https:\/\/marvict-dermatology.com\/wp-content\/uploads\/2023\/08\/Consultation.png\" alt=\"\" class=\"wp-image-549\"\/><\/a><\/figure>\n<\/div>\n\n\n\n<div class=\"wp-block-column is-layout-flow wp-block-column-is-layout-flow\">\n<figure class=\"wp-block-image size-full\"><a href=\"https:\/\/marvict-dermatology.com\/en\/biopsias\/\" target=\"_blank\" rel=\"noreferrer noopener\"><img loading=\"lazy\" decoding=\"async\" width=\"300\" height=\"200\" src=\"https:\/\/marvict-dermatology.com\/wp-content\/uploads\/2023\/08\/Skin-Biopsies.png\" alt=\"\" class=\"wp-image-550\"\/><\/a><\/figure>\n<\/div>\n\n\n\n<div class=\"wp-block-column is-layout-flow wp-block-column-is-layout-flow\">\n<figure class=\"wp-block-image size-full\"><a href=\"https:\/\/marvict-dermatology.com\/en\/botox-transforma-tu-piel-y-reduce-las-arrugas-de-manera-natural-y-sutil\/\" target=\"_blank\" rel=\"noreferrer noopener\"><img loading=\"lazy\" decoding=\"async\" width=\"300\" height=\"200\" src=\"https:\/\/marvict-dermatology.com\/wp-content\/uploads\/2023\/08\/3.jpg\" alt=\"\" class=\"wp-image-551\"\/><\/a><\/figure>\n<\/div>\n<\/div>\n\n\n\n<div class=\"wp-block-columns is-layout-flex wp-container-core-columns-is-layout-2 wp-block-columns-is-layout-flex\">\n<div class=\"wp-block-column is-layout-flow wp-block-column-is-layout-flow\">\n<figure class=\"wp-block-image size-full\"><a href=\"https:\/\/marvict-dermatology.com\/en\/dermapen-y-prp-renueva-tu-piel-y-cabello-con-tecnologia-avanzada-y-natural\/\" target=\"_blank\" rel=\"noreferrer noopener\"><img loading=\"lazy\" decoding=\"async\" width=\"300\" height=\"200\" src=\"https:\/\/marvict-dermatology.com\/wp-content\/uploads\/2023\/08\/Dermapen-and-prp.png\" alt=\"\" class=\"wp-image-552\"\/><\/a><\/figure>\n<\/div>\n\n\n\n<div class=\"wp-block-column is-layout-flow wp-block-column-is-layout-flow\">\n<figure class=\"wp-block-image size-full is-resized\"><a href=\"https:\/\/marvict-dermatology.com\/en\/kybella-define-tu-contorno-facial-eliminando-la-papada-de-forma-precisa-y-efectiva\/\" target=\"_blank\" rel=\"noreferrer noopener\"><img loading=\"lazy\" decoding=\"async\" width=\"697\" height=\"462\" src=\"https:\/\/marvict-dermatology.com\/wp-content\/uploads\/2023\/08\/Servicios-Kybella-1.png\" alt=\"\" class=\"wp-image-732\" style=\"width:304px;height:194px\" srcset=\"https:\/\/marvict-dermatology.com\/wp-content\/uploads\/2023\/08\/Servicios-Kybella-1.png 697w, https:\/\/marvict-dermatology.com\/wp-content\/uploads\/2023\/08\/Servicios-Kybella-1-300x199.png 300w\" sizes=\"(max-width: 697px) 100vw, 697px\" \/><\/a><\/figure>\n<\/div>\n\n\n\n<div class=\"wp-block-column is-layout-flow wp-block-column-is-layout-flow\">\n<figure class=\"wp-block-image size-full is-resized\"><a href=\"https:\/\/marvict-dermatology.com\/en\/hilos-pdo-para-un-aspecto-mas-joven-y-fresco-de-tu-piel\/\" target=\"_blank\" rel=\"noreferrer noopener\"><img loading=\"lazy\" decoding=\"async\" width=\"695\" height=\"430\" src=\"https:\/\/marvict-dermatology.com\/wp-content\/uploads\/2023\/08\/PDO-Threads.png\" alt=\"\" class=\"wp-image-734\" style=\"width:303px;height:188px\" srcset=\"https:\/\/marvict-dermatology.com\/wp-content\/uploads\/2023\/08\/PDO-Threads.png 700w, https:\/\/marvict-dermatology.com\/wp-content\/uploads\/2023\/08\/PDO-Threads-300x201.png 300w, https:\/\/marvict-dermatology.com\/wp-content\/uploads\/2023\/08\/PDO-Threads-18x12.png 18w\" sizes=\"(max-width: 695px) 100vw, 695px\" \/><\/a><\/figure>\n<\/div>\n<\/div>\n\n\n\n<div class=\"wp-block-columns is-layout-flex wp-container-core-columns-is-layout-3 wp-block-columns-is-layout-flex\">\n<div class=\"wp-block-column is-layout-flow wp-block-column-is-layout-flow\">\n<figure class=\"wp-block-image size-full\"><a href=\"https:\/\/marvict-dermatology.com\/en\/rellenos-con-juvederm-restaura-la-plenitud-y-revitaliza-tu-belleza-con-un-toque-de-frescura\/\" target=\"_blank\" rel=\"noreferrer noopener\"><img loading=\"lazy\" decoding=\"async\" width=\"300\" height=\"200\" src=\"https:\/\/marvict-dermatology.com\/wp-content\/uploads\/2023\/08\/Juvederm-Fillers.png\" alt=\"\" class=\"wp-image-556\"\/><\/a><\/figure>\n<\/div>\n\n\n\n<div class=\"wp-block-column is-layout-flow wp-block-column-is-layout-flow\">\n<figure class=\"wp-block-image size-full\"><a href=\"https:\/\/marvict-dermatology.com\/en\/semaglutide-para-la-perdida-de-peso-un-camino-hacia-una-vida-mas-saludable-y-equilibrada\/\" target=\"_blank\" rel=\"noreferrer noopener\"><img loading=\"lazy\" decoding=\"async\" width=\"300\" height=\"200\" src=\"https:\/\/marvict-dermatology.com\/wp-content\/uploads\/2023\/08\/Semaglutide-for-weight-loss.png\" alt=\"\" class=\"wp-image-557\"\/><\/a><\/figure>\n<\/div>\n\n\n\n<div class=\"wp-block-column is-layout-flow wp-block-column-is-layout-flow\">\n<figure class=\"wp-block-image size-full\"><a href=\"https:\/\/marvict-dermatology.com\/en\/cauterizacion-de-verrugas-keratosis-seborreica\/\" target=\"_blank\" rel=\"noreferrer noopener\"><img loading=\"lazy\" decoding=\"async\" width=\"300\" height=\"200\" src=\"https:\/\/marvict-dermatology.com\/wp-content\/uploads\/2023\/08\/Cauterization-of-warts.png\" alt=\"\" class=\"wp-image-558\"\/><\/a><\/figure>\n<\/div>\n<\/div>\n\n\n\n<div class=\"wp-block-columns is-layout-flex wp-container-core-columns-is-layout-4 wp-block-columns-is-layout-flex\">\n<div class=\"wp-block-column is-layout-flow wp-block-column-is-layout-flow\">\n<figure class=\"wp-block-image size-full\"><img loading=\"lazy\" decoding=\"async\" width=\"300\" height=\"200\" src=\"https:\/\/marvict-dermatology.com\/wp-content\/uploads\/2023\/08\/Micro-Needling-1.png\" alt=\"\" class=\"wp-image-559\"\/><\/figure>\n<\/div>\n\n\n\n<div class=\"wp-block-column is-layout-flow wp-block-column-is-layout-flow\">\n<figure class=\"wp-block-image size-full\"><a href=\"https:\/\/marvict-dermatology.com\/en\/nutricion-endovenosa-y-vitaminas-intramusculares-nutre-tu-cuerpo-desde-adentro-para-un-bienestar-optimo\/\" target=\"_blank\" rel=\"noreferrer noopener\"><img loading=\"lazy\" decoding=\"async\" width=\"300\" height=\"200\" src=\"https:\/\/marvict-dermatology.com\/wp-content\/uploads\/2023\/08\/Intravenous.png\" alt=\"\" class=\"wp-image-560\"\/><\/a><\/figure>\n<\/div>\n<\/div>\n\n\n\n<h3 class=\"wp-block-heading\"><strong>Our Featured Products<\/strong><\/h3>\n\n\n\n<figure class=\"wp-block-video\"><video autoplay controls loop muted preload=\"auto\" src=\"https:\/\/marvict-dermatology.com\/wp-content\/uploads\/2023\/11\/Nuestros-Productos-Destacados1.mp4\" playsinline><\/video><\/figure>\n\n\n\n<p><\/p>\n\n\n\n<h3 class=\"wp-block-heading\">Our Promise<\/h3>\n\n\n\n<p>At <strong>Marvict Dermatology and Preventive Care<\/strong>, we believe that every skin is unique. We are committed to providing you with the highest quality medical care in a warm and welcoming environment. With <span style=\"color: #000000;\">technology<\/span> advanced technology and personalized approaches.<\/p>\n\n\n\n<p><a href=\"https:\/\/marvict-dermatology.com\/en\/contactos\/\"><strong>Schedule a Consultation and Let Us Be Your Partner. We offer same-day appointments.<\/strong><\/a><\/p>\n\n\n\n<p>At Marvict Dermatology, we are dedicated to achieving exceptional results that exceed your expectations.<\/p>\n\n\n\n<h5 class=\"wp-block-heading\"><strong>Address:<\/strong> <strong><em>2387 W 68 St Suite 203 Hialeah\u00a0Fl\u00a033016<\/em><\/strong>.<\/h5>\n\n\n\n<h5 class=\"wp-block-heading\"><strong>Phone:<\/strong> <strong>+1 (786)606-9696<\/strong><\/h5>\n\n\n<div class=\"wp-block-image\">\n<figure class=\"alignleft size-full is-resized\"><a href=\"\/en\/marvictdermatology@gmail.com\/\" target=\"_blank\" rel=\"noreferrer noopener\"><img loading=\"lazy\" decoding=\"async\" width=\"91\" height=\"59\" src=\"https:\/\/marvict-dermatology.com\/wp-content\/uploads\/2023\/08\/gmail.png\" alt=\"\" class=\"wp-image-340\" style=\"width:31px;height:20px\"\/><\/a><\/figure><\/div>\n\n\n<h5 class=\"wp-block-heading has-text-align-left\">marvictdermatology@gmail.com<\/h5>\n\n\n\n<h4 class=\"wp-block-heading\"><strong>Follow Us on Social Media: <\/strong><\/h4>\n\n\n<div class=\"wp-block-image\">\n<figure class=\"alignleft is-resized\"><a href=\"https:\/\/www.instagram.com\/marvictdermatology7\/\" target=\"_blank\" rel=\"noreferrer noopener\"><img loading=\"lazy\" decoding=\"async\" width=\"121\" height=\"125\" src=\"https:\/\/marvict-dermatology.com\/wp-content\/uploads\/2023\/08\/instagram.png\" alt=\"\" class=\"wp-image-291\" style=\"width:59px;height:61px\"\/><\/a><\/figure><\/div>\n\n<div class=\"wp-block-image\">\n<figure class=\"alignleft is-resized\"><a href=\"https:\/\/www.facebook.com\/profile.php?id=100082525311565\" target=\"_blank\" rel=\"noreferrer noopener\"><img loading=\"lazy\" decoding=\"async\" width=\"87\" height=\"90\" src=\"https:\/\/marvict-dermatology.com\/wp-content\/uploads\/2023\/08\/faceboock.png\" alt=\"\" class=\"wp-image-294\" style=\"width:60px;height:62px\"\/><\/a><\/figure><\/div>\n\n<div class=\"wp-block-image\">\n<figure class=\"alignleft is-resized\"><a href=\"https:\/\/wa.link\/bf40a5\" target=\"_blank\" rel=\"noreferrer noopener\"><img loading=\"lazy\" decoding=\"async\" width=\"126\" height=\"132\" src=\"https:\/\/marvict-dermatology.com\/wp-content\/uploads\/2023\/08\/whatsapp1.png\" alt=\"\" class=\"wp-image-297\" style=\"width:60px;height:62px\"\/><\/a><\/figure><\/div>\n\n\n<p><\/p>\n\n\n\n<div style=\"height:22px\" aria-hidden=\"true\" class=\"wp-block-spacer\"><\/div>\n\n\n\n<h3 class=\"wp-block-heading\"><strong>Partners:<\/strong><\/h3>\n\n\n<div class=\"wp-block-image\">\n<figure class=\"alignleft size-full is-resized\"><a href=\"https:\/\/www.abbvie.com\/\" target=\"_blank\" rel=\"noreferrer noopener\"><img loading=\"lazy\" decoding=\"async\" width=\"277\" height=\"155\" src=\"https:\/\/marvict-dermatology.com\/wp-content\/uploads\/2023\/08\/Logo-de-empresas.jpg\" alt=\"\" class=\"wp-image-690\" style=\"width:131px;height:74px\"\/><\/a><\/figure><\/div>\n\n<div class=\"wp-block-image\">\n<figure class=\"alignleft size-full is-resized\"><a href=\"https:\/\/www.allergan.com\/default.htm\" target=\"_blank\" rel=\"noreferrer noopener\"><img loading=\"lazy\" decoding=\"async\" width=\"174\" height=\"92\" src=\"https:\/\/marvict-dermatology.com\/wp-content\/uploads\/2023\/08\/Logo-de-empresas1.png\" alt=\"\" class=\"wp-image-691\" style=\"width:143px;height:76px\"\/><\/a><\/figure><\/div>\n\n<div class=\"wp-block-image\">\n<figure class=\"alignleft size-full is-resized\"><a href=\"https:\/\/www.aanp.org\/\" target=\"_blank\" rel=\"noreferrer noopener\"><img loading=\"lazy\" decoding=\"async\" width=\"128\" height=\"132\" src=\"https:\/\/marvict-dermatology.com\/wp-content\/uploads\/2023\/08\/Logo-de-empresas2.png\" alt=\"\" class=\"wp-image-692\" style=\"width:88px;height:91px\"\/><\/a><\/figure><\/div>\n\n<div class=\"wp-block-image\">\n<figure class=\"alignleft size-full is-resized\"><img loading=\"lazy\" decoding=\"async\" width=\"214\" height=\"214\" src=\"https:\/\/marvict-dermatology.com\/wp-content\/uploads\/2023\/08\/Logo-de-empresas4.jpg\" alt=\"\" class=\"wp-image-709\" style=\"width:90px;height:90px\" srcset=\"https:\/\/marvict-dermatology.com\/wp-content\/uploads\/2023\/08\/Logo-de-empresas4.jpg 214w, https:\/\/marvict-dermatology.com\/wp-content\/uploads\/2023\/08\/Logo-de-empresas4-150x150.jpg 150w\" sizes=\"(max-width: 214px) 100vw, 214px\" \/><\/figure><\/div>","protected":false},"excerpt":{"rendered":"<p>En Marvict Dermatology and Preventive Care, nos enorgullece ofrecerte un enfoque integral para el cuidado de la piel, con a\u00f1os de experiencia y una pasi\u00f3n por la innovaci\u00f3n m\u00e9dica, estamos aqu\u00ed para ayudarte. \u00a1Explora Nuestros Servicios Ahora, y Descubre lo que Marvict Dermatology Puede Hacer por Ti! Nuestros Productos Destacados Nuestra Promesa En Marvict Dermatology &#8230; <a title=\"Welcome to Marvict Dermatology and Preventive Care\" class=\"read-more\" href=\"https:\/\/marvict-dermatology.com\/en\/\" aria-label=\"More on Bienvenido a Marvict Dermatology and Preventive Care\">Read more<\/a><\/p>","protected":false},"author":1,"featured_media":0,"parent":0,"menu_order":0,"comment_status":"closed","ping_status":"closed","template":"","meta":{"footnotes":""},"yoast_head":"<!-- This site is optimized with the Yoast SEO plugin v21.6 - https:\/\/yoast.com\/wordpress\/plugins\/seo\/ -->\n<title>Cl\u00ednica Marvict Dermatology and Preventive Care<\/title>\n<meta name=\"description\" content=\"Cl\u00ednica Marvict Dermatology and Preventive Care: \u00a1Descubre Nuestros Tratamientos Innovadores, con A\u00f1os de Experiencias en Cuidado de la piel!\" \/>\n<meta name=\"robots\" content=\"index, follow, max-snippet:-1, max-image-preview:large, max-video-preview:-1\" \/>\n<link rel=\"canonical\" href=\"https:\/\/marvict-dermatology.com\/en\/\" \/>\n<meta property=\"og:locale\" content=\"en_US\" \/>\n<meta property=\"og:type\" content=\"article\" \/>\n<meta property=\"og:title\" content=\"Cl\u00ednica Marvict Dermatology and Preventive Care\" \/>\n<meta property=\"og:description\" content=\"Cl\u00ednica Marvict Dermatology and Preventive Care: \u00a1Descubre Nuestros Tratamientos Innovadores, con A\u00f1os de Experiencias en Cuidado de la piel!\" \/>\n<meta property=\"og:url\" content=\"https:\/\/marvict-dermatology.com\/en\/\" \/>\n<meta property=\"og:site_name\" content=\"marvict-dermatology.com\" \/>\n<meta property=\"article:publisher\" content=\"https:\/\/www.facebook.com\/profile.php?id=100082525311565\" \/>\n<meta property=\"article:modified_time\" content=\"2024-05-01T17:15:57+00:00\" \/>\n<meta property=\"og:image\" content=\"https:\/\/marvict-dermatology.com\/wp-content\/uploads\/2023\/08\/foto-recortada-1.jpg\" \/>\n<meta name=\"twitter:card\" content=\"summary_large_image\" \/>\n<meta name=\"twitter:label1\" content=\"Est. reading time\" \/>\n\t<meta name=\"twitter:data1\" content=\"5 minutes\" \/>\n<script type=\"application\/ld+json\" class=\"yoast-schema-graph\">{\"@context\":\"https:\/\/schema.org\",\"@graph\":[{\"@type\":\"WebPage\",\"@id\":\"https:\/\/marvict-dermatology.com\/\",\"url\":\"https:\/\/marvict-dermatology.com\/\",\"name\":\"Cl\u00ednica Marvict Dermatology and Preventive Care\",\"isPartOf\":{\"@id\":\"https:\/\/marvict-dermatology.com\/#website\"},\"datePublished\":\"2023-07-21T19:26:02+00:00\",\"dateModified\":\"2024-05-01T17:15:57+00:00\",\"description\":\"Cl\u00ednica Marvict Dermatology and Preventive Care: \u00a1Descubre Nuestros Tratamientos Innovadores, con A\u00f1os de Experiencias en Cuidado de la piel!\",\"breadcrumb\":{\"@id\":\"https:\/\/marvict-dermatology.com\/#breadcrumb\"},\"inLanguage\":\"en-US\",\"potentialAction\":[{\"@type\":\"ReadAction\",\"target\":[\"https:\/\/marvict-dermatology.com\/\"]}]},{\"@type\":\"BreadcrumbList\",\"@id\":\"https:\/\/marvict-dermatology.com\/#breadcrumb\",\"itemListElement\":[{\"@type\":\"ListItem\",\"position\":1,\"name\":\"Portada\",\"item\":\"https:\/\/marvict-dermatology.com\/\"},{\"@type\":\"ListItem\",\"position\":2,\"name\":\"Bienvenido a Marvict Dermatology and Preventive Care\"}]},{\"@type\":\"WebSite\",\"@id\":\"https:\/\/marvict-dermatology.com\/#website\",\"url\":\"https:\/\/marvict-dermatology.com\/\",\"name\":\"marvict-dermatology.com\",\"description\":\"\",\"publisher\":{\"@id\":\"https:\/\/marvict-dermatology.com\/#organization\"},\"potentialAction\":[{\"@type\":\"SearchAction\",\"target\":{\"@type\":\"EntryPoint\",\"urlTemplate\":\"https:\/\/marvict-dermatology.com\/?s={search_term_string}\"},\"query-input\":\"required name=search_term_string\"}],\"inLanguage\":\"en-US\"},{\"@type\":\"Organization\",\"@id\":\"https:\/\/marvict-dermatology.com\/#organization\",\"name\":\"marvict-dermatology.com\",\"url\":\"https:\/\/marvict-dermatology.com\/\",\"logo\":{\"@type\":\"ImageObject\",\"inLanguage\":\"en-US\",\"@id\":\"https:\/\/marvict-dermatology.com\/#\/schema\/logo\/image\/\",\"url\":\"https:\/\/marvict-dermatology.com\/wp-content\/uploads\/2023\/07\/logo-1.jpg\",\"contentUrl\":\"https:\/\/marvict-dermatology.com\/wp-content\/uploads\/2023\/07\/logo-1.jpg\",\"width\":410,\"height\":112,\"caption\":\"marvict-dermatology.com\"},\"image\":{\"@id\":\"https:\/\/marvict-dermatology.com\/#\/schema\/logo\/image\/\"},\"sameAs\":[\"https:\/\/www.facebook.com\/profile.php?id=100082525311565\"]}]}<\/script>\n<!-- \/ Yoast SEO plugin. -->","yoast_head_json":{"title":"Cl\u00ednica Marvict Dermatology and Preventive Care","description":"Cl\u00ednica Marvict Dermatology and Preventive Care: \u00a1Descubre Nuestros Tratamientos Innovadores, con A\u00f1os de Experiencias en Cuidado de la piel!","robots":{"index":"index","follow":"follow","max-snippet":"max-snippet:-1","max-image-preview":"max-image-preview:large","max-video-preview":"max-video-preview:-1"},"canonical":"https:\/\/marvict-dermatology.com\/en\/","og_locale":"en_US","og_type":"article","og_title":"Cl\u00ednica Marvict Dermatology and Preventive Care","og_description":"Cl\u00ednica Marvict Dermatology and Preventive Care: \u00a1Descubre Nuestros Tratamientos Innovadores, con A\u00f1os de Experiencias en Cuidado de la piel!","og_url":"https:\/\/marvict-dermatology.com\/en\/","og_site_name":"marvict-dermatology.com","article_publisher":"https:\/\/www.facebook.com\/profile.php?id=100082525311565","article_modified_time":"2024-05-01T17:15:57+00:00","og_image":[{"url":"https:\/\/marvict-dermatology.com\/wp-content\/uploads\/2023\/08\/foto-recortada-1.jpg"}],"twitter_card":"summary_large_image","twitter_misc":{"Est. reading time":"5 minutes"},"schema":{"@context":"https:\/\/schema.org","@graph":[{"@type":"WebPage","@id":"https:\/\/marvict-dermatology.com\/","url":"https:\/\/marvict-dermatology.com\/","name":"Cl\u00ednica Marvict Dermatology and Preventive Care","isPartOf":{"@id":"https:\/\/marvict-dermatology.com\/#website"},"datePublished":"2023-07-21T19:26:02+00:00","dateModified":"2024-05-01T17:15:57+00:00","description":"Cl\u00ednica Marvict Dermatology and Preventive Care: \u00a1Descubre Nuestros Tratamientos Innovadores, con A\u00f1os de Experiencias en Cuidado de la piel!","breadcrumb":{"@id":"https:\/\/marvict-dermatology.com\/#breadcrumb"},"inLanguage":"en-US","potentialAction":[{"@type":"ReadAction","target":["https:\/\/marvict-dermatology.com\/"]}]},{"@type":"BreadcrumbList","@id":"https:\/\/marvict-dermatology.com\/#breadcrumb","itemListElement":[{"@type":"ListItem","position":1,"name":"Portada","item":"https:\/\/marvict-dermatology.com\/"},{"@type":"ListItem","position":2,"name":"Bienvenido a Marvict Dermatology and Preventive Care"}]},{"@type":"WebSite","@id":"https:\/\/marvict-dermatology.com\/#website","url":"https:\/\/marvict-dermatology.com\/","name":"marvict-dermatology.com","description":"","publisher":{"@id":"https:\/\/marvict-dermatology.com\/#organization"},"potentialAction":[{"@type":"SearchAction","target":{"@type":"EntryPoint","urlTemplate":"https:\/\/marvict-dermatology.com\/?s={search_term_string}"},"query-input":"required name=search_term_string"}],"inLanguage":"en-US"},{"@type":"Organization","@id":"https:\/\/marvict-dermatology.com\/#organization","name":"marvict-dermatology.com","url":"https:\/\/marvict-dermatology.com\/","logo":{"@type":"ImageObject","inLanguage":"en-US","@id":"https:\/\/marvict-dermatology.com\/#\/schema\/logo\/image\/","url":"https:\/\/marvict-dermatology.com\/wp-content\/uploads\/2023\/07\/logo-1.jpg","contentUrl":"https:\/\/marvict-dermatology.com\/wp-content\/uploads\/2023\/07\/logo-1.jpg","width":410,"height":112,"caption":"marvict-dermatology.com"},"image":{"@id":"https:\/\/marvict-dermatology.com\/#\/schema\/logo\/image\/"},"sameAs":["https:\/\/www.facebook.com\/profile.php?id=100082525311565"]}]}},"_links":{"self":[{"href":"https:\/\/marvict-dermatology.com\/en\/wp-json\/wp\/v2\/pages\/27"}],"collection":[{"href":"https:\/\/marvict-dermatology.com\/en\/wp-json\/wp\/v2\/pages"}],"about":[{"href":"https:\/\/marvict-dermatology.com\/en\/wp-json\/wp\/v2\/types\/page"}],"author":[{"embeddable":true,"href":"https:\/\/marvict-dermatology.com\/en\/wp-json\/wp\/v2\/users\/1"}],"replies":[{"embeddable":true,"href":"https:\/\/marvict-dermatology.com\/en\/wp-json\/wp\/v2\/comments?post=27"}],"version-history":[{"count":103,"href":"https:\/\/marvict-dermatology.com\/en\/wp-json\/wp\/v2\/pages\/27\/revisions"}],"predecessor-version":[{"id":977,"href":"https:\/\/marvict-dermatology.com\/en\/wp-json\/wp\/v2\/pages\/27\/revisions\/977"}],"wp:attachment":[{"href":"https:\/\/marvict-dermatology.com\/en\/wp-json\/wp\/v2\/media?parent=27"}],"curies":[{"name":"wp","href":"https:\/\/api.w.org\/{rel}","templated":true}]}}